{"id":48,"date":"2021-02-25T17:25:33","date_gmt":"2021-02-25T16:25:33","guid":{"rendered":"http:\/\/www.meilleurmrp.com\/?page_id=48"},"modified":"2021-02-25T17:44:28","modified_gmt":"2021-02-25T16:44:28","slug":"pour-les-particuliers","status":"publish","type":"page","link":"https:\/\/www.meilleurmrp.com\/index.php\/pour-les-particuliers\/","title":{"rendered":"Pour les particuliers"},"content":{"rendered":"\n<p>Notre couverture nationale nous permet de connaitre les prix pratiqu\u00e9s sur le territoire et vous permet de b\u00e9n\u00e9ficier des meilleures conditions d&rsquo;achats.<\/p>\n\n\n\n<p>Voiture<\/p>\n\n\n\n<p>Camping-car<\/p>\n\n\n\n<p>Caravane<\/p>\n\n\n\n<p>Moto<\/p>\n\n\n\n<p>Tout ces projets font partie d&rsquo;exemples sur lesquels nous sommes en mesure de vous accompagner.<\/p>\n","protected":false},"excerpt":{"rendered":"<p>Notre couverture nationale nous permet de connaitre les prix pratiqu\u00e9s sur le territoire et vous permet de b\u00e9n\u00e9ficier des meilleures conditions d&rsquo;achats. Voiture Camping-car Caravane Moto Tout ces projets font partie d&rsquo;exemples sur lesquels nous sommes en mesure de vous accompagner.<\/p>\n","protected":false},"author":1,"featured_media":0,"parent":0,"menu_order":0,"comment_status":"closed","ping_status":"closed","template":"","meta":{"footnotes":""},"class_list":["post-48","page","type-page","status-publish","hentry"],"_links":{"self":[{"href":"https:\/\/www.meilleurmrp.com\/index.php\/wp-json\/wp\/v2\/pages\/48","targetHints":{"allow":["GET"]}}],"collection":[{"href":"https:\/\/www.meilleurmrp.com\/index.php\/wp-json\/wp\/v2\/pages"}],"about":[{"href":"https:\/\/www.meilleurmrp.com\/index.php\/wp-json\/wp\/v2\/types\/page"}],"author":[{"embeddable":true,"href":"https:\/\/www.meilleurmrp.com\/index.php\/wp-json\/wp\/v2\/users\/1"}],"replies":[{"embeddable":true,"href":"https:\/\/www.meilleurmrp.com\/index.php\/wp-json\/wp\/v2\/comments?post=48"}],"version-history":[{"count":2,"href":"https:\/\/www.meilleurmrp.com\/index.php\/wp-json\/wp\/v2\/pages\/48\/revisions"}],"predecessor-version":[{"id":55,"href":"https:\/\/www.meilleurmrp.com\/index.php\/wp-json\/wp\/v2\/pages\/48\/revisions\/55"}],"wp:attachment":[{"href":"https:\/\/www.meilleurmrp.com\/index.php\/wp-json\/wp\/v2\/media?parent=48"}],"curies":[{"name":"wp","href":"https:\/\/api.w.org\/{rel}","templated":true}]}}