{"id":2,"date":"2020-11-05T18:37:18","date_gmt":"2020-11-05T17:37:18","guid":{"rendered":"http:\/\/www.meilleurmrp.com\/?page_id=2"},"modified":"2021-02-25T17:45:16","modified_gmt":"2021-02-25T16:45:16","slug":"page-d-exemple","status":"publish","type":"page","link":"https:\/\/www.meilleurmrp.com\/index.php\/page-d-exemple\/","title":{"rendered":"Pour les professionnels"},"content":{"rendered":"\n<p>Une \u00e9quipe de sp\u00e9cialistes est \u00e0 votre service pour optimiser vos achats de mat\u00e9riels ou v\u00e9hicules. Notre couverture nationale nous permet d&rsquo;\u00eatre au plus proche des r\u00e9alit\u00e9s march\u00e9.<\/p>\n\n\n\n<p>Camion<\/p>\n\n\n\n<p>Tracteur<\/p>\n\n\n\n<p>Porteur<\/p>\n\n\n\n<p>Camionnette utilitaire<\/p>\n\n\n\n<p>Remorque et semi-remorque<\/p>\n\n\n\n<p>Mat\u00e9riel Forestier<\/p>\n\n\n\n<p>Mat\u00e9riel Agricole<\/p>\n\n\n\n<p>Mat\u00e9riel BTP<\/p>\n\n\n\n<p>Mat\u00e9riel sp\u00e9cifique<\/p>\n\n\n\n<p>Autant de cat\u00e9gories sur lesquels nous pouvons vous accompagner dans vos achats.<\/p>\n","protected":false},"excerpt":{"rendered":"<p>Une \u00e9quipe de sp\u00e9cialistes est \u00e0 votre service pour optimiser vos achats de mat\u00e9riels ou v\u00e9hicules. Notre couverture nationale nous permet d&rsquo;\u00eatre au plus proche des r\u00e9alit\u00e9s march\u00e9. Camion Tracteur Porteur Camionnette utilitaire Remorque et semi-remorque Mat\u00e9riel Forestier Mat\u00e9riel Agricole Mat\u00e9riel BTP Mat\u00e9riel sp\u00e9cifique Autant de cat\u00e9gories sur lesquels nous pouvons vous accompagner dans vos [&hellip;]<\/p>\n","protected":false},"author":1,"featured_media":0,"parent":0,"menu_order":0,"comment_status":"closed","ping_status":"open","template":"","meta":{"footnotes":""},"class_list":["post-2","page","type-page","status-publish","hentry"],"_links":{"self":[{"href":"https:\/\/www.meilleurmrp.com\/index.php\/wp-json\/wp\/v2\/pages\/2","targetHints":{"allow":["GET"]}}],"collection":[{"href":"https:\/\/www.meilleurmrp.com\/index.php\/wp-json\/wp\/v2\/pages"}],"about":[{"href":"https:\/\/www.meilleurmrp.com\/index.php\/wp-json\/wp\/v2\/types\/page"}],"author":[{"embeddable":true,"href":"https:\/\/www.meilleurmrp.com\/index.php\/wp-json\/wp\/v2\/users\/1"}],"replies":[{"embeddable":true,"href":"https:\/\/www.meilleurmrp.com\/index.php\/wp-json\/wp\/v2\/comments?post=2"}],"version-history":[{"count":2,"href":"https:\/\/www.meilleurmrp.com\/index.php\/wp-json\/wp\/v2\/pages\/2\/revisions"}],"predecessor-version":[{"id":56,"href":"https:\/\/www.meilleurmrp.com\/index.php\/wp-json\/wp\/v2\/pages\/2\/revisions\/56"}],"wp:attachment":[{"href":"https:\/\/www.meilleurmrp.com\/index.php\/wp-json\/wp\/v2\/media?parent=2"}],"curies":[{"name":"wp","href":"https:\/\/api.w.org\/{rel}","templated":true}]}}